{"id":907,"date":"2022-01-13T18:56:43","date_gmt":"2022-01-13T18:56:43","guid":{"rendered":"https:\/\/biosinsa.com.mx\/?page_id=907"},"modified":"2022-04-13T16:24:22","modified_gmt":"2022-04-13T16:24:22","slug":"industria-organica","status":"publish","type":"page","link":"https:\/\/biosinsa.com.mx\/en\/industria-organica\/","title":{"rendered":"Organic Industry"},"content":{"rendered":"<div data-elementor-type=\"wp-page\" data-elementor-id=\"907\" class=\"elementor elementor-907\">\n\t\t\t\t\r\n\t\t<section class=\"elementor-section elementor-top-section elementor-element elementor-element-512fac1 elementor-section-full_width elementor-section-stretched elementor-section-height-default elementor-section-height-default\" data-id=\"512fac1\" data-element_type=\"section\" data-e-type=\"section\" data-settings=\"{&quot;stretch_section&quot;:&quot;section-stretched&quot;,&quot;background_background&quot;:&quot;classic&quot;}\">\n\t\t\t\t\t\t\t<div class=\"elementor-background-overlay\"><\/div>\n\t\t\t\t\t\t\t<div class=\"elementor-container elementor-column-gap-wider\">\n\t\t\t\t\t<div class=\"elementor-column elementor-col-100 elementor-top-column elementor-element elementor-element-2fee0f0\" data-id=\"2fee0f0\" data-element_type=\"column\" data-e-type=\"column\" data-settings=\"{&quot;background_background&quot;:&quot;classic&quot;}\">\n\t\t\t<div class=\"elementor-widget-wrap elementor-element-populated\">\n\t\t\t\t\t\t<div class=\"elementor-element elementor-element-78f5ab2 elementor-widget elementor-widget-text-editor\" data-id=\"78f5ab2\" data-element_type=\"widget\" data-e-type=\"widget\" data-widget_type=\"text-editor.default\">\n\t\t\t\t<div class=\"elementor-widget-container\">\n\t\t\t\t\t\t\t\t\t<p>Food <span class=\"themecolor\">Industry<\/span><\/p>\t\t\t\t\t\t\t\t<\/div>\n\t\t\t\t<\/div>\n\t\t\t\t\t<\/div>\n\t\t<\/div>\n\t\t\t\t\t<\/div>\n\t\t<\/section>\n\t\t\t\t<section class=\"elementor-section elementor-top-section elementor-element elementor-element-e6ebd64 elementor-section-stretched elementor-section-boxed elementor-section-height-default elementor-section-height-default\" data-id=\"e6ebd64\" data-element_type=\"section\" data-e-type=\"section\" data-settings=\"{&quot;stretch_section&quot;:&quot;section-stretched&quot;,&quot;background_background&quot;:&quot;classic&quot;}\">\n\t\t\t\t\t\t<div class=\"elementor-container elementor-column-gap-default\">\n\t\t\t\t\t<div class=\"elementor-column elementor-col-100 elementor-top-column elementor-element elementor-element-a6d9904\" data-id=\"a6d9904\" data-element_type=\"column\" data-e-type=\"column\">\n\t\t\t<div class=\"elementor-widget-wrap elementor-element-populated\">\n\t\t\t\t\t\t<div class=\"elementor-element elementor-element-3765643 elementor-widget elementor-widget-text-editor\" data-id=\"3765643\" data-element_type=\"widget\" data-e-type=\"widget\" data-widget_type=\"text-editor.default\">\n\t\t\t\t<div class=\"elementor-widget-container\">\n\t\t\t\t\t\t\t\t\t<p>En Biosinsa dise\u00f1amos programas de control de plagas para satisfacer sus necesidades espec\u00edficas para la obtenci\u00f3n del certificado org\u00e1nico.<\/p>\t\t\t\t\t\t\t\t<\/div>\n\t\t\t\t<\/div>\n\t\t\t\t\t<\/div>\n\t\t<\/div>\n\t\t\t\t\t<\/div>\n\t\t<\/section>\n\t\t\t\t<section class=\"elementor-section elementor-top-section elementor-element elementor-element-1591c297 elementor-section-stretched elementor-section-boxed elementor-section-height-default elementor-section-height-default\" data-id=\"1591c297\" data-element_type=\"section\" data-e-type=\"section\" data-settings=\"{&quot;background_background&quot;:&quot;classic&quot;,&quot;stretch_section&quot;:&quot;section-stretched&quot;}\">\n\t\t\t\t\t\t<div class=\"elementor-container elementor-column-gap-wider\">\n\t\t\t\t\t<div class=\"elementor-column elementor-col-100 elementor-top-column elementor-element elementor-element-5a7c893c\" data-id=\"5a7c893c\" data-element_type=\"column\" data-e-type=\"column\">\n\t\t\t<div class=\"elementor-widget-wrap elementor-element-populated\">\n\t\t\t\t\t\t<section class=\"elementor-section elementor-inner-section elementor-element elementor-element-4ab86f7b elementor-section-boxed elementor-section-height-default elementor-section-height-default\" data-id=\"4ab86f7b\" data-element_type=\"section\" data-e-type=\"section\">\n\t\t\t\t\t\t<div class=\"elementor-container elementor-column-gap-default\">\n\t\t\t\t\t<div class=\"elementor-column elementor-col-33 elementor-inner-column elementor-element elementor-element-2e6c6897\" data-id=\"2e6c6897\" data-element_type=\"column\" data-e-type=\"column\" data-settings=\"{&quot;background_background&quot;:&quot;classic&quot;}\">\n\t\t\t<div class=\"elementor-widget-wrap elementor-element-populated\">\n\t\t\t\t\t\t<div class=\"elementor-element elementor-element-6ae7bac9 elementor-invisible elementor-widget elementor-widget-image\" data-id=\"6ae7bac9\" data-element_type=\"widget\" data-e-type=\"widget\" data-settings=\"{&quot;_animation&quot;:&quot;fadeIn&quot;,&quot;_animation_delay&quot;:100}\" data-widget_type=\"image.default\">\n\t\t\t\t<div class=\"elementor-widget-container\">\n\t\t\t\t\t\t\t\t\t\t\t\t\t\t\t<img fetchpriority=\"high\" decoding=\"async\" width=\"356\" height=\"356\" src=\"https:\/\/biosinsa.com.mx\/wp-content\/uploads\/2022\/01\/biosinsa-icon-02.svg\" class=\"attachment-large size-large wp-image-1264\" alt=\"\" \/>\t\t\t\t\t\t\t\t\t\t\t\t\t\t\t<\/div>\n\t\t\t\t<\/div>\n\t\t\t\t<div class=\"elementor-element elementor-element-29231a12 elementor-invisible elementor-widget elementor-widget-text-editor\" data-id=\"29231a12\" data-element_type=\"widget\" data-e-type=\"widget\" data-settings=\"{&quot;_animation&quot;:&quot;fadeIn&quot;,&quot;_animation_delay&quot;:200}\" data-widget_type=\"text-editor.default\">\n\t\t\t\t<div class=\"elementor-widget-container\">\n\t\t\t\t\t\t\t\t\t<p>Nuestros programas de control de plagas en la industria org\u00e1nica se consolidan y apoyan en la filosof\u00eda y normas del programa org\u00e1nico nacional americano.<\/p>\t\t\t\t\t\t\t\t<\/div>\n\t\t\t\t<\/div>\n\t\t\t\t\t<\/div>\n\t\t<\/div>\n\t\t\t\t<div class=\"elementor-column elementor-col-33 elementor-inner-column elementor-element elementor-element-5d7ccefc\" data-id=\"5d7ccefc\" data-element_type=\"column\" data-e-type=\"column\" data-settings=\"{&quot;background_background&quot;:&quot;classic&quot;}\">\n\t\t\t<div class=\"elementor-widget-wrap elementor-element-populated\">\n\t\t\t\t\t\t<div class=\"elementor-element elementor-element-44a21826 elementor-invisible elementor-widget elementor-widget-image\" data-id=\"44a21826\" data-element_type=\"widget\" data-e-type=\"widget\" data-settings=\"{&quot;_animation&quot;:&quot;fadeIn&quot;,&quot;_animation_delay&quot;:200}\" data-widget_type=\"image.default\">\n\t\t\t\t<div class=\"elementor-widget-container\">\n\t\t\t\t\t\t\t\t\t\t\t\t\t\t\t<img fetchpriority=\"high\" decoding=\"async\" width=\"356\" height=\"356\" src=\"https:\/\/biosinsa.com.mx\/wp-content\/uploads\/2022\/01\/biosinsa-icon-02.svg\" class=\"attachment-large size-large wp-image-1264\" alt=\"\" \/>\t\t\t\t\t\t\t\t\t\t\t\t\t\t\t<\/div>\n\t\t\t\t<\/div>\n\t\t\t\t<div class=\"elementor-element elementor-element-1e974cd3 elementor-invisible elementor-widget elementor-widget-text-editor\" data-id=\"1e974cd3\" data-element_type=\"widget\" data-e-type=\"widget\" data-settings=\"{&quot;_animation&quot;:&quot;fadeIn&quot;,&quot;_animation_delay&quot;:300}\" data-widget_type=\"text-editor.default\">\n\t\t\t\t<div class=\"elementor-widget-container\">\n\t\t\t\t\t\t\t\t\t<p>As\u00ed, nuestro programa de control de plagas para instalaciones con certificaci\u00f3n org\u00e1nica, se fortalece con metodolog\u00edas para la inspecci\u00f3n, monitoreo y supervisi\u00f3n; as\u00ed como, la identificaci\u00f3n exacta del organismo plaga para seleccionar los m\u00e9todos m\u00e1s seguros y eficaces.<\/p>\t\t\t\t\t\t\t\t<\/div>\n\t\t\t\t<\/div>\n\t\t\t\t\t<\/div>\n\t\t<\/div>\n\t\t\t\t<div class=\"elementor-column elementor-col-33 elementor-inner-column elementor-element elementor-element-42d2e6c7\" data-id=\"42d2e6c7\" data-element_type=\"column\" data-e-type=\"column\" data-settings=\"{&quot;background_background&quot;:&quot;classic&quot;}\">\n\t\t\t<div class=\"elementor-widget-wrap elementor-element-populated\">\n\t\t\t\t\t\t<div class=\"elementor-element elementor-element-2c72fd40 elementor-invisible elementor-widget elementor-widget-image\" data-id=\"2c72fd40\" data-element_type=\"widget\" data-e-type=\"widget\" data-settings=\"{&quot;_animation&quot;:&quot;fadeIn&quot;,&quot;_animation_delay&quot;:400}\" data-widget_type=\"image.default\">\n\t\t\t\t<div class=\"elementor-widget-container\">\n\t\t\t\t\t\t\t\t\t\t\t\t\t\t\t<img fetchpriority=\"high\" decoding=\"async\" width=\"356\" height=\"356\" src=\"https:\/\/biosinsa.com.mx\/wp-content\/uploads\/2022\/01\/biosinsa-icon-02.svg\" class=\"attachment-large size-large wp-image-1264\" alt=\"\" \/>\t\t\t\t\t\t\t\t\t\t\t\t\t\t\t<\/div>\n\t\t\t\t<\/div>\n\t\t\t\t<div class=\"elementor-element elementor-element-4b648740 elementor-invisible elementor-widget elementor-widget-text-editor\" data-id=\"4b648740\" data-element_type=\"widget\" data-e-type=\"widget\" data-settings=\"{&quot;_animation&quot;:&quot;fadeIn&quot;,&quot;_animation_delay&quot;:400}\" data-widget_type=\"text-editor.default\">\n\t\t\t\t<div class=\"elementor-widget-container\">\n\t\t\t\t\t\t\t\t\t<p>De esta manera, cuando se ha detectado e identificado la plaga y hemos llegado a su origen, trabajamos con usted para crear un ambiente inh\u00f3spito para las plagas, a trav\u00e9s de, la exclusi\u00f3n, reparaci\u00f3n y\/o desinfecci\u00f3n.<\/p>\t\t\t\t\t\t\t\t<\/div>\n\t\t\t\t<\/div>\n\t\t\t\t\t<\/div>\n\t\t<\/div>\n\t\t\t\t\t<\/div>\n\t\t<\/section>\n\t\t\t\t<div class=\"elementor-element elementor-element-d6ca5f3 elementor-widget elementor-widget-spacer\" data-id=\"d6ca5f3\" data-element_type=\"widget\" data-e-type=\"widget\" data-widget_type=\"spacer.default\">\n\t\t\t\t<div class=\"elementor-widget-container\">\n\t\t\t\t\t\t\t<div class=\"elementor-spacer\">\n\t\t\t<div class=\"elementor-spacer-inner\"><\/div>\n\t\t<\/div>\n\t\t\t\t\t\t<\/div>\n\t\t\t\t<\/div>\n\t\t\t\t<div class=\"elementor-element elementor-element-21cf6839 elementor-align-center elementor-widget elementor-widget-button\" data-id=\"21cf6839\" data-element_type=\"widget\" data-e-type=\"widget\" data-widget_type=\"button.default\">\n\t\t\t\t<div class=\"elementor-widget-container\">\n\t\t\t\t\t\t\t\t\t<div class=\"elementor-button-wrapper\">\n\t\t\t\t\t<a class=\"elementor-button elementor-button-link elementor-size-md\" href=\"https:\/\/biosinsa.com.mx\/en\/contacto\/\">\n\t\t\t\t\t\t<span class=\"elementor-button-content-wrapper\">\n\t\t\t\t\t\t\t\t\t<span class=\"elementor-button-text\">Get a quote<\/span>\n\t\t\t\t\t<\/span>\n\t\t\t\t\t<\/a>\n\t\t\t\t<\/div>\n\t\t\t\t\t\t\t\t<\/div>\n\t\t\t\t<\/div>\n\t\t\t\t\t<\/div>\n\t\t<\/div>\n\t\t\t\t\t<\/div>\n\t\t<\/section>\n\t\t\t\t<\/div>","protected":false},"excerpt":{"rendered":"<p>Industria Org\u00e1nica En Biosinsa dise\u00f1amos programas de control de plagas para satisfacer sus necesidades espec\u00edficas para la obtenci\u00f3n del certificado org\u00e1nico. Nuestros programas de control de<span class=\"excerpt-hellip\"> [\u2026]<\/span><\/p>\n","protected":false},"author":1,"featured_media":0,"parent":0,"menu_order":0,"comment_status":"closed","ping_status":"closed","template":"","meta":{"_themeisle_gutenberg_block_has_review":false,"_joinchat":[],"footnotes":""},"class_list":["post-907","page","type-page","status-publish","hentry"],"yoast_head":"<!-- This site is optimized with the Yoast SEO plugin v27.3 - https:\/\/yoast.com\/product\/yoast-seo-wordpress\/ -->\n<title>Industria Org\u00e1nica - Biosinsa<\/title>\n<meta name=\"description\" content=\"El control de plagas en la industria org\u00e1nica se consolidan y apoyan en la filosof\u00eda y normas del programa org\u00e1nico nacional americano.\" \/>\n<meta name=\"robots\" content=\"index, follow, max-snippet:-1, max-image-preview:large, max-video-preview:-1\" \/>\n<link rel=\"canonical\" href=\"https:\/\/biosinsa.com.mx\/en\/industria-organica\/\" \/>\n<meta property=\"og:locale\" content=\"en_US\" \/>\n<meta property=\"og:type\" content=\"article\" \/>\n<meta property=\"og:title\" content=\"Industria Org\u00e1nica - Biosinsa\" \/>\n<meta property=\"og:description\" content=\"El control de plagas en la industria org\u00e1nica se consolidan y apoyan en la filosof\u00eda y normas del programa org\u00e1nico nacional americano.\" \/>\n<meta property=\"og:url\" content=\"https:\/\/biosinsa.com.mx\/en\/industria-organica\/\" \/>\n<meta property=\"og:site_name\" content=\"Biosinsa\" \/>\n<meta property=\"article:publisher\" content=\"https:\/\/www.facebook.com\/BiosinsaOficial\" \/>\n<meta property=\"article:modified_time\" content=\"2022-04-13T16:24:22+00:00\" \/>\n<meta property=\"og:image\" content=\"https:\/\/biosinsa.com.mx\/wp-content\/uploads\/2022\/01\/biosinsa-icon-02.svg\" \/>\n<meta name=\"twitter:card\" content=\"summary_large_image\" \/>\n<meta name=\"twitter:label1\" content=\"Est. reading time\" \/>\n\t<meta name=\"twitter:data1\" content=\"2 minutes\" \/>\n<script type=\"application\/ld+json\" class=\"yoast-schema-graph\">{\"@context\":\"https:\\\/\\\/schema.org\",\"@graph\":[{\"@type\":\"WebPage\",\"@id\":\"https:\\\/\\\/biosinsa.com.mx\\\/industria-organica\\\/\",\"url\":\"https:\\\/\\\/biosinsa.com.mx\\\/industria-organica\\\/\",\"name\":\"Industria Org\u00e1nica - Biosinsa\",\"isPartOf\":{\"@id\":\"https:\\\/\\\/biosinsa.com.mx\\\/#website\"},\"primaryImageOfPage\":{\"@id\":\"https:\\\/\\\/biosinsa.com.mx\\\/industria-organica\\\/#primaryimage\"},\"image\":{\"@id\":\"https:\\\/\\\/biosinsa.com.mx\\\/industria-organica\\\/#primaryimage\"},\"thumbnailUrl\":\"https:\\\/\\\/biosinsa.com.mx\\\/wp-content\\\/uploads\\\/2022\\\/01\\\/biosinsa-icon-02.svg\",\"datePublished\":\"2022-01-13T18:56:43+00:00\",\"dateModified\":\"2022-04-13T16:24:22+00:00\",\"description\":\"El control de plagas en la industria org\u00e1nica se consolidan y apoyan en la filosof\u00eda y normas del programa org\u00e1nico nacional americano.\",\"breadcrumb\":{\"@id\":\"https:\\\/\\\/biosinsa.com.mx\\\/industria-organica\\\/#breadcrumb\"},\"inLanguage\":\"en-US\",\"potentialAction\":[{\"@type\":\"ReadAction\",\"target\":[\"https:\\\/\\\/biosinsa.com.mx\\\/industria-organica\\\/\"]}]},{\"@type\":\"ImageObject\",\"inLanguage\":\"en-US\",\"@id\":\"https:\\\/\\\/biosinsa.com.mx\\\/industria-organica\\\/#primaryimage\",\"url\":\"https:\\\/\\\/biosinsa.com.mx\\\/wp-content\\\/uploads\\\/2022\\\/01\\\/biosinsa-icon-02.svg\",\"contentUrl\":\"https:\\\/\\\/biosinsa.com.mx\\\/wp-content\\\/uploads\\\/2022\\\/01\\\/biosinsa-icon-02.svg\"},{\"@type\":\"BreadcrumbList\",\"@id\":\"https:\\\/\\\/biosinsa.com.mx\\\/industria-organica\\\/#breadcrumb\",\"itemListElement\":[{\"@type\":\"ListItem\",\"position\":1,\"name\":\"Inicio\",\"item\":\"https:\\\/\\\/biosinsa.com.mx\\\/\"},{\"@type\":\"ListItem\",\"position\":2,\"name\":\"Industria Org\u00e1nica\"}]},{\"@type\":\"WebSite\",\"@id\":\"https:\\\/\\\/biosinsa.com.mx\\\/#website\",\"url\":\"https:\\\/\\\/biosinsa.com.mx\\\/\",\"name\":\"Biosinsa\",\"description\":\"Gesti\u00f3n Integral De Plagas\",\"publisher\":{\"@id\":\"https:\\\/\\\/biosinsa.com.mx\\\/#organization\"},\"potentialAction\":[{\"@type\":\"SearchAction\",\"target\":{\"@type\":\"EntryPoint\",\"urlTemplate\":\"https:\\\/\\\/biosinsa.com.mx\\\/?s={search_term_string}\"},\"query-input\":{\"@type\":\"PropertyValueSpecification\",\"valueRequired\":true,\"valueName\":\"search_term_string\"}}],\"inLanguage\":\"en-US\"},{\"@type\":\"Organization\",\"@id\":\"https:\\\/\\\/biosinsa.com.mx\\\/#organization\",\"name\":\"Biosinsa\",\"url\":\"https:\\\/\\\/biosinsa.com.mx\\\/\",\"logo\":{\"@type\":\"ImageObject\",\"inLanguage\":\"en-US\",\"@id\":\"https:\\\/\\\/biosinsa.com.mx\\\/#\\\/schema\\\/logo\\\/image\\\/\",\"url\":\"https:\\\/\\\/biosinsa.com.mx\\\/wp-content\\\/uploads\\\/2021\\\/10\\\/logo-biosinsa.png\",\"contentUrl\":\"https:\\\/\\\/biosinsa.com.mx\\\/wp-content\\\/uploads\\\/2021\\\/10\\\/logo-biosinsa.png\",\"width\":444,\"height\":113,\"caption\":\"Biosinsa\"},\"image\":{\"@id\":\"https:\\\/\\\/biosinsa.com.mx\\\/#\\\/schema\\\/logo\\\/image\\\/\"},\"sameAs\":[\"https:\\\/\\\/www.facebook.com\\\/BiosinsaOficial\",\"https:\\\/\\\/mx.linkedin.com\\\/in\\\/bio-soluciones-biosinsa-05352a6a\",\"https:\\\/\\\/www.youtube.com\\\/channel\\\/UCuzX7n5Unz_APRRRUzGwWyg\"]}]}<\/script>\n<!-- \/ Yoast SEO plugin. -->","yoast_head_json":{"title":"Industria Org\u00e1nica - Biosinsa","description":"El control de plagas en la industria org\u00e1nica se consolidan y apoyan en la filosof\u00eda y normas del programa org\u00e1nico nacional americano.","robots":{"index":"index","follow":"follow","max-snippet":"max-snippet:-1","max-image-preview":"max-image-preview:large","max-video-preview":"max-video-preview:-1"},"canonical":"https:\/\/biosinsa.com.mx\/en\/industria-organica\/","og_locale":"en_US","og_type":"article","og_title":"Industria Org\u00e1nica - Biosinsa","og_description":"El control de plagas en la industria org\u00e1nica se consolidan y apoyan en la filosof\u00eda y normas del programa org\u00e1nico nacional americano.","og_url":"https:\/\/biosinsa.com.mx\/en\/industria-organica\/","og_site_name":"Biosinsa","article_publisher":"https:\/\/www.facebook.com\/BiosinsaOficial","article_modified_time":"2022-04-13T16:24:22+00:00","og_image":[{"url":"https:\/\/biosinsa.com.mx\/wp-content\/uploads\/2022\/01\/biosinsa-icon-02.svg","type":"","width":"","height":""}],"twitter_card":"summary_large_image","twitter_misc":{"Est. reading time":"2 minutes"},"schema":{"@context":"https:\/\/schema.org","@graph":[{"@type":"WebPage","@id":"https:\/\/biosinsa.com.mx\/industria-organica\/","url":"https:\/\/biosinsa.com.mx\/industria-organica\/","name":"Industria Org\u00e1nica - Biosinsa","isPartOf":{"@id":"https:\/\/biosinsa.com.mx\/#website"},"primaryImageOfPage":{"@id":"https:\/\/biosinsa.com.mx\/industria-organica\/#primaryimage"},"image":{"@id":"https:\/\/biosinsa.com.mx\/industria-organica\/#primaryimage"},"thumbnailUrl":"https:\/\/biosinsa.com.mx\/wp-content\/uploads\/2022\/01\/biosinsa-icon-02.svg","datePublished":"2022-01-13T18:56:43+00:00","dateModified":"2022-04-13T16:24:22+00:00","description":"El control de plagas en la industria org\u00e1nica se consolidan y apoyan en la filosof\u00eda y normas del programa org\u00e1nico nacional americano.","breadcrumb":{"@id":"https:\/\/biosinsa.com.mx\/industria-organica\/#breadcrumb"},"inLanguage":"en-US","potentialAction":[{"@type":"ReadAction","target":["https:\/\/biosinsa.com.mx\/industria-organica\/"]}]},{"@type":"ImageObject","inLanguage":"en-US","@id":"https:\/\/biosinsa.com.mx\/industria-organica\/#primaryimage","url":"https:\/\/biosinsa.com.mx\/wp-content\/uploads\/2022\/01\/biosinsa-icon-02.svg","contentUrl":"https:\/\/biosinsa.com.mx\/wp-content\/uploads\/2022\/01\/biosinsa-icon-02.svg"},{"@type":"BreadcrumbList","@id":"https:\/\/biosinsa.com.mx\/industria-organica\/#breadcrumb","itemListElement":[{"@type":"ListItem","position":1,"name":"Inicio","item":"https:\/\/biosinsa.com.mx\/"},{"@type":"ListItem","position":2,"name":"Industria Org\u00e1nica"}]},{"@type":"WebSite","@id":"https:\/\/biosinsa.com.mx\/#website","url":"https:\/\/biosinsa.com.mx\/","name":"Biosinsa","description":"Gesti\u00f3n Integral De Plagas","publisher":{"@id":"https:\/\/biosinsa.com.mx\/#organization"},"potentialAction":[{"@type":"SearchAction","target":{"@type":"EntryPoint","urlTemplate":"https:\/\/biosinsa.com.mx\/?s={search_term_string}"},"query-input":{"@type":"PropertyValueSpecification","valueRequired":true,"valueName":"search_term_string"}}],"inLanguage":"en-US"},{"@type":"Organization","@id":"https:\/\/biosinsa.com.mx\/#organization","name":"Biosinsa","url":"https:\/\/biosinsa.com.mx\/","logo":{"@type":"ImageObject","inLanguage":"en-US","@id":"https:\/\/biosinsa.com.mx\/#\/schema\/logo\/image\/","url":"https:\/\/biosinsa.com.mx\/wp-content\/uploads\/2021\/10\/logo-biosinsa.png","contentUrl":"https:\/\/biosinsa.com.mx\/wp-content\/uploads\/2021\/10\/logo-biosinsa.png","width":444,"height":113,"caption":"Biosinsa"},"image":{"@id":"https:\/\/biosinsa.com.mx\/#\/schema\/logo\/image\/"},"sameAs":["https:\/\/www.facebook.com\/BiosinsaOficial","https:\/\/mx.linkedin.com\/in\/bio-soluciones-biosinsa-05352a6a","https:\/\/www.youtube.com\/channel\/UCuzX7n5Unz_APRRRUzGwWyg"]}]}},"_links":{"self":[{"href":"https:\/\/biosinsa.com.mx\/en\/wp-json\/wp\/v2\/pages\/907","targetHints":{"allow":["GET"]}}],"collection":[{"href":"https:\/\/biosinsa.com.mx\/en\/wp-json\/wp\/v2\/pages"}],"about":[{"href":"https:\/\/biosinsa.com.mx\/en\/wp-json\/wp\/v2\/types\/page"}],"author":[{"embeddable":true,"href":"https:\/\/biosinsa.com.mx\/en\/wp-json\/wp\/v2\/users\/1"}],"replies":[{"embeddable":true,"href":"https:\/\/biosinsa.com.mx\/en\/wp-json\/wp\/v2\/comments?post=907"}],"version-history":[{"count":107,"href":"https:\/\/biosinsa.com.mx\/en\/wp-json\/wp\/v2\/pages\/907\/revisions"}],"predecessor-version":[{"id":2788,"href":"https:\/\/biosinsa.com.mx\/en\/wp-json\/wp\/v2\/pages\/907\/revisions\/2788"}],"wp:attachment":[{"href":"https:\/\/biosinsa.com.mx\/en\/wp-json\/wp\/v2\/media?parent=907"}],"curies":[{"name":"wp","href":"https:\/\/api.w.org\/{rel}","templated":true}]}}